{"id":715,"date":"2009-02-24T12:25:44","date_gmt":"2009-02-24T10:25:44","guid":{"rendered":"http:\/\/birds.nature4stock.com\/?page_id=715"},"modified":"2011-03-22T22:06:04","modified_gmt":"2011-03-22T20:06:04","slug":"contributors","status":"publish","type":"page","link":"https:\/\/birds.nature4stock.com\/?page_id=715","title":{"rendered":"Contributors"},"content":{"rendered":"<p>People that helped this website&#8230; hope that more persons will be added here (in the order they arrived).<\/p>\n<ul>\n<li><a href=\"http:\/\/www.gabrielaphotography.com\/\" target=\"_blank\">Gabriela \u00censur\u0103\u0163elu<\/a> &#8211; technical support, photos &#8230;<\/li>\n<li><a href=\"http:\/\/www.crayfish.ro\/\" target=\"_blank\">Lucian P\u00e2rvulescu<\/a> &#8211; photos<\/li>\n<li><a href=\"http:\/\/dandindeltadunarii.blogspot.com\/\" target=\"_blank\">Dan Bandacu<\/a> &#8211; photos<\/li>\n<li><a href=\"http:\/\/picasaweb.google.com\/lucadehelean\" target=\"_blank\">Luca Andrei Dehelean<\/a> &#8211; photos and not only<\/li>\n<li><a href=\"http:\/\/www.viata-salbatica.ro\/\" target=\"_blank\">Florian Teodor Andronache<\/a> &#8211; photos<\/li>\n<li><a href=\"http:\/\/www.treknature.com\/members\/zetu\/\" target=\"_blank\">R\u0103zvan Zinic\u0103<\/a> &#8211; photos and much more \ud83d\ude09<\/li>\n<li><a href=\"http:\/\/www.milvus.ro\" target=\"_blank\">Dar\u00f3czi J. Szil\u00e1rd<\/a> &#8211; photos and not only<\/li>\n<li>Calin Tatu &#8211; photos<\/li>\n<li><a href=\"http:\/\/www.flickr.com\/photos\/15449635@N05\/\" target=\"_blank\">Am\u0103riu\u0163ei Gheorghe<\/a> &#8211; photos<\/li>\n<li>Ionut Iorgu &#8211; photos<\/li>\n<li><a href=\"http:\/\/mircea-costina.artistwebsites.com\" target=\"_blank\">Mircea Costina<\/a> &#8211; photo<\/li>\n<li><a href=\"http:\/\/blog.fotodelta.ro\/\" target=\"_blank\">Iliuta Goean<\/a><\/li>\n<li><a href=\"http:\/\/www.dreamstime.com\/Cristian64_info\" target=\"_blank\">Cristian Mihai<\/a><\/li>\n<li><a href=\"http:\/\/www.treknature.com\/members\/florin_greeny\/\" target=\"_blank\">Florin Stavrache<\/a><\/li>\n<\/ul>\n<!-- AddThis Advanced Settings generic via filter on the_content --><!-- AddThis Share Buttons generic via filter on the_content -->","protected":false},"excerpt":{"rendered":"<p>People that helped this website&#8230; hope that more persons will be added here (in the order they arrived). Gabriela \u00censur\u0103\u0163elu &#8211; technical support, photos &#8230; Lucian P\u00e2rvulescu &#8211; photos Dan Bandacu &#8211; photos Luca Andrei Dehelean &#8211; photos and not only Florian Teodor Andronache &#8211; photos R\u0103zvan Zinic\u0103 &#8211; photos and much more \ud83d\ude09 Dar\u00f3czi [&hellip;]<!-- AddThis Advanced Settings generic via filter on get_the_excerpt --><!-- AddThis Share Buttons generic via filter on get_the_excerpt --><\/p>\n","protected":false},"author":3,"featured_media":0,"parent":0,"menu_order":0,"comment_status":"open","ping_status":"open","template":"","meta":{"footnotes":""},"categories":[1],"tags":[],"class_list":["post-715","page","type-page","status-publish","hentry","category-uncategorized"],"_links":{"self":[{"href":"https:\/\/birds.nature4stock.com\/index.php?rest_route=\/wp\/v2\/pages\/715","targetHints":{"allow":["GET"]}}],"collection":[{"href":"https:\/\/birds.nature4stock.com\/index.php?rest_route=\/wp\/v2\/pages"}],"about":[{"href":"https:\/\/birds.nature4stock.com\/index.php?rest_route=\/wp\/v2\/types\/page"}],"author":[{"embeddable":true,"href":"https:\/\/birds.nature4stock.com\/index.php?rest_route=\/wp\/v2\/users\/3"}],"replies":[{"embeddable":true,"href":"https:\/\/birds.nature4stock.com\/index.php?rest_route=%2Fwp%2Fv2%2Fcomments&post=715"}],"version-history":[{"count":27,"href":"https:\/\/birds.nature4stock.com\/index.php?rest_route=\/wp\/v2\/pages\/715\/revisions"}],"predecessor-version":[{"id":3985,"href":"https:\/\/birds.nature4stock.com\/index.php?rest_route=\/wp\/v2\/pages\/715\/revisions\/3985"}],"wp:attachment":[{"href":"https:\/\/birds.nature4stock.com\/index.php?rest_route=%2Fwp%2Fv2%2Fmedia&parent=715"}],"wp:term":[{"taxonomy":"category","embeddable":true,"href":"https:\/\/birds.nature4stock.com\/index.php?rest_route=%2Fwp%2Fv2%2Fcategories&post=715"},{"taxonomy":"post_tag","embeddable":true,"href":"https:\/\/birds.nature4stock.com\/index.php?rest_route=%2Fwp%2Fv2%2Ftags&post=715"}],"curies":[{"name":"wp","href":"https:\/\/api.w.org\/{rel}","templated":true}]}}