{"id":630,"date":"2009-02-23T20:39:19","date_gmt":"2009-02-23T18:39:19","guid":{"rendered":"http:\/\/birds.nature4stock.com\/?page_id=630"},"modified":"2022-03-12T10:06:03","modified_gmt":"2022-03-12T08:06:03","slug":"melanocorypha-calandra","status":"publish","type":"page","link":"https:\/\/birds.nature4stock.com\/?page_id=630","title":{"rendered":"<i>Melanocorypha calandra<\/i>"},"content":{"rendered":"<p>RO: Cioc\u00e2rlie de B\u0103r\u0103gan<br \/>\nDE: Kalanderlerche<br \/>\nEN: Calandra Lark<br \/>\nHU: Kalandrapacsirta<\/p>\n<ul>\n<li>&#8211;<\/li>\n<li>&#8211;<\/li>\n<li>photos taken in Romania<\/li>\n<\/ul>\n<p><a href=\"http:\/\/birds.nature4stock.com\/wp-content\/uploads\/2009\/02\/Melanocorypha_calandra_IMG_8781.jpg\"><img loading=\"lazy\" decoding=\"async\" class=\"alignnone size-thumbnail wp-image-3921\" src=\"http:\/\/birds.nature4stock.com\/wp-content\/uploads\/2009\/02\/Melanocorypha_calandra_IMG_8781-150x150.jpg\" alt=\"\" width=\"150\" height=\"150\" \/><\/a> <a href=\"http:\/\/birds.nature4stock.com\/wp-content\/uploads\/2009\/02\/mel-cal5752.jpg\"><img loading=\"lazy\" decoding=\"async\" class=\"alignnone size-thumbnail wp-image-2555\" src=\"http:\/\/birds.nature4stock.com\/wp-content\/uploads\/2009\/02\/mel-cal5752-150x150.jpg\" alt=\"\" width=\"150\" height=\"150\" \/><\/a> <a href=\"http:\/\/birds.nature4stock.com\/wp-content\/uploads\/2009\/02\/mel-cal5751.jpg\"><img loading=\"lazy\" decoding=\"async\" class=\"alignnone size-thumbnail wp-image-2554\" src=\"http:\/\/birds.nature4stock.com\/wp-content\/uploads\/2009\/02\/mel-cal5751-150x150.jpg\" alt=\"\" width=\"150\" height=\"150\" \/><\/a> <a href=\"http:\/\/birds.nature4stock.com\/wp-content\/uploads\/2022\/03\/IMG_5269_Melanocorypha_calandra_s.jpg\"><img loading=\"lazy\" decoding=\"async\" class=\"alignnone size-thumbnail wp-image-4295\" src=\"http:\/\/birds.nature4stock.com\/wp-content\/uploads\/2022\/03\/IMG_5269_Melanocorypha_calandra_s-150x150.jpg\" alt=\"\" width=\"150\" height=\"150\" \/><\/a> <a href=\"http:\/\/birds.nature4stock.com\/wp-content\/uploads\/2022\/03\/IMG_5267_Melanocorypha_calandra_s.jpg\"><img loading=\"lazy\" decoding=\"async\" class=\"alignnone size-thumbnail wp-image-4294\" src=\"http:\/\/birds.nature4stock.com\/wp-content\/uploads\/2022\/03\/IMG_5267_Melanocorypha_calandra_s-150x150.jpg\" alt=\"\" width=\"150\" height=\"150\" \/><\/a><\/p>\n<p>&nbsp;<\/p>\n<p><span style=\"color: #ffff00;\"><strong>Donations are welcome, will help me to add new content and to keep this online and free of commercials<\/strong><\/span><\/p>\n<div class=\"page-sidebar widget\" id=\"donation_buttons\"><form action=\"https:\/\/www.paypal.com\/cgi-bin\/webscr\" method=\"post\" target=\"_blank\" ><input type=\"hidden\" name=\"business\" value=\"cosminovidiu@yahoo.com\"><input type=\"hidden\" name=\"bn\" value=\"mbjtechnolabs_SP\"><input type=\"hidden\" name=\"cmd\" value=\"_donations\"><table ><tbody><tr><td><input style=\"margin-top:10px;\" type=\"image\" name=\"submit\" border=\"0\" src=\"https:\/\/www.paypalobjects.com\/webstatic\/en_US\/btn\/btn_donate_cc_147x47.png\" alt=\"PayPal - The safer, easier way to pay online\"><\/td><\/tr><\/tbody><\/table><input type=\"hidden\" name=\"currency_code\" value=\"USD\"><input type=\"hidden\" name=\"notify_url\" value=\"https:\/\/birds.nature4stock.com\/?Donation_Button&#038;action=ipn_handler\"><input type=\"hidden\" name=\"return\" value=\"https:\/\/birds.nature4stock.com\/?page_id=2\"><\/form><\/div>\n<p>&nbsp;<\/p>\n<p>&nbsp;<\/p>\n<p>&nbsp;<\/p>\n<!-- AddThis Advanced Settings generic via filter on the_content --><!-- AddThis Share Buttons generic via filter on the_content -->","protected":false},"excerpt":{"rendered":"<p>RO: Cioc\u00e2rlie de B\u0103r\u0103gan DE: Kalanderlerche EN: Calandra Lark HU: Kalandrapacsirta &#8211; &#8211; photos taken in Romania &nbsp; Donations are welcome, will help me to add new content and to keep this online and free of commercials &nbsp; &nbsp; &nbsp;<!-- AddThis Advanced Settings generic via filter on get_the_excerpt --><!-- AddThis Share Buttons generic via filter on get_the_excerpt --><\/p>\n","protected":false},"author":3,"featured_media":0,"parent":19,"menu_order":0,"comment_status":"open","ping_status":"open","template":"","meta":{"footnotes":""},"categories":[3,1018,1019],"tags":[1052,1049,1047,1053,1048,1050,1051,1046,1054,1024],"class_list":["post-630","page","type-page","status-publish","hentry","category-bird","category-cosmin-o-manci","category-razvan-zinica","tag-calandra","tag-calandra-lark","tag-ciocarlie-de-baragan","tag-cosmin-manci","tag-kalanderlerche","tag-kalandrapacsirta","tag-melanocorypha","tag-melanocorypha-calandra","tag-razvan-zinica","tag-romania"],"_links":{"self":[{"href":"https:\/\/birds.nature4stock.com\/index.php?rest_route=\/wp\/v2\/pages\/630","targetHints":{"allow":["GET"]}}],"collection":[{"href":"https:\/\/birds.nature4stock.com\/index.php?rest_route=\/wp\/v2\/pages"}],"about":[{"href":"https:\/\/birds.nature4stock.com\/index.php?rest_route=\/wp\/v2\/types\/page"}],"author":[{"embeddable":true,"href":"https:\/\/birds.nature4stock.com\/index.php?rest_route=\/wp\/v2\/users\/3"}],"replies":[{"embeddable":true,"href":"https:\/\/birds.nature4stock.com\/index.php?rest_route=%2Fwp%2Fv2%2Fcomments&post=630"}],"version-history":[{"count":7,"href":"https:\/\/birds.nature4stock.com\/index.php?rest_route=\/wp\/v2\/pages\/630\/revisions"}],"predecessor-version":[{"id":4296,"href":"https:\/\/birds.nature4stock.com\/index.php?rest_route=\/wp\/v2\/pages\/630\/revisions\/4296"}],"up":[{"embeddable":true,"href":"https:\/\/birds.nature4stock.com\/index.php?rest_route=\/wp\/v2\/pages\/19"}],"wp:attachment":[{"href":"https:\/\/birds.nature4stock.com\/index.php?rest_route=%2Fwp%2Fv2%2Fmedia&parent=630"}],"wp:term":[{"taxonomy":"category","embeddable":true,"href":"https:\/\/birds.nature4stock.com\/index.php?rest_route=%2Fwp%2Fv2%2Fcategories&post=630"},{"taxonomy":"post_tag","embeddable":true,"href":"https:\/\/birds.nature4stock.com\/index.php?rest_route=%2Fwp%2Fv2%2Ftags&post=630"}],"curies":[{"name":"wp","href":"https:\/\/api.w.org\/{rel}","templated":true}]}}