{"id":1996,"date":"2009-03-09T23:52:20","date_gmt":"2009-03-09T21:52:20","guid":{"rendered":"http:\/\/birds.nature4stock.com\/?page_id=1996"},"modified":"2018-02-18T13:38:18","modified_gmt":"2018-02-18T11:38:18","slug":"serinus-serinus","status":"publish","type":"page","link":"https:\/\/birds.nature4stock.com\/?page_id=1996","title":{"rendered":"<i>Serinus serinus<\/i>"},"content":{"rendered":"<p>RO: C\u0103n\u0103ra\u015f<br \/>\nDE: Girlitz<br \/>\nEN: European Serin<br \/>\nHU: Csics\u00f6rke<\/p>\n<p>Genus:\u00a0<em>Serinus<\/em><br \/>\nSpecies:\u00a0<em>serinus<\/em><\/p>\n<ul>\n<li>\u2013<\/li>\n<li>\u2013<\/li>\n<li>photos taken in Morocco<\/li>\n<\/ul>\n<p><a href=\"http:\/\/birds.nature4stock.com\/?attachment_id=4245\" rel=\"attachment wp-att-4245\"><img loading=\"lazy\" decoding=\"async\" class=\"alignnone size-thumbnail wp-image-4245\" src=\"http:\/\/birds.nature4stock.com\/wp-content\/uploads\/2018\/02\/IMG_9529_Serinus_serinus-150x150.jpg\" alt=\"\" width=\"150\" height=\"150\" \/><\/a> <a href=\"http:\/\/birds.nature4stock.com\/?attachment_id=4244\" rel=\"attachment wp-att-4244\"><img loading=\"lazy\" decoding=\"async\" class=\"alignnone size-thumbnail wp-image-4244\" src=\"http:\/\/birds.nature4stock.com\/wp-content\/uploads\/2018\/02\/IMG_9526_Serinus_serinus-150x150.jpg\" alt=\"\" width=\"150\" height=\"150\" \/><\/a><\/p>\n<p><iframe loading=\"lazy\" src=\"https:\/\/www.xeno-canto.org\/370009\/embed\" width=\"550\" height=\"200\" frameborder=\"0\" scrolling=\"no\"><span data-mce-type=\"bookmark\" style=\"display: inline-block; width: 0px; overflow: hidden; line-height: 0;\" class=\"mce_SELRES_start\">\ufeff<\/span><\/iframe><\/p>\n<p><span style=\"color: #ffff00;\"><strong>Donations are welcome, will help me to add new content and to keep this online and free of commercials<\/strong><\/span><\/p>\n<div id=\"donation_buttons\" class=\"page-sidebar widget\"><div class=\"page-sidebar widget\" id=\"donation_buttons\"><form action=\"https:\/\/www.paypal.com\/cgi-bin\/webscr\" method=\"post\" target=\"_blank\" ><input type=\"hidden\" name=\"business\" value=\"cosminovidiu@yahoo.com\"><input type=\"hidden\" name=\"bn\" value=\"mbjtechnolabs_SP\"><input type=\"hidden\" name=\"cmd\" value=\"_donations\"><table ><tbody><tr><td><input style=\"margin-top:10px;\" type=\"image\" name=\"submit\" border=\"0\" src=\"https:\/\/www.paypalobjects.com\/webstatic\/en_US\/btn\/btn_donate_cc_147x47.png\" alt=\"PayPal - The safer, easier way to pay online\"><\/td><\/tr><\/tbody><\/table><input type=\"hidden\" name=\"currency_code\" value=\"USD\"><input type=\"hidden\" name=\"notify_url\" value=\"https:\/\/birds.nature4stock.com\/?Donation_Button&#038;action=ipn_handler\"><input type=\"hidden\" name=\"return\" value=\"https:\/\/birds.nature4stock.com\/?page_id=2\"><\/form><\/div><\/div>\n<p>&nbsp;<\/p>\n<!-- AddThis Advanced Settings generic via filter on the_content --><!-- AddThis Share Buttons generic via filter on the_content -->","protected":false},"excerpt":{"rendered":"<p>RO: C\u0103n\u0103ra\u015f DE: Girlitz EN: European Serin HU: Csics\u00f6rke Genus:\u00a0Serinus Species:\u00a0serinus \u2013 \u2013 photos taken in Morocco \ufeff Donations are welcome, will help me to add new content and to keep this online and free of commercials &nbsp;<!-- AddThis Advanced Settings generic via filter on get_the_excerpt --><!-- AddThis Share Buttons generic via filter on get_the_excerpt --><\/p>\n","protected":false},"author":3,"featured_media":0,"parent":19,"menu_order":0,"comment_status":"open","ping_status":"open","template":"","meta":{"footnotes":""},"categories":[1018,1029],"tags":[568,1031,1032,569,1030,570,567],"class_list":["post-1996","page","type-page","status-publish","hentry","category-cosmin-o-manci","category-morocco","tag-canaras","tag-csicsorke","tag-european-serin","tag-girlitz","tag-morocco","tag-serin","tag-serinus-serinus"],"_links":{"self":[{"href":"https:\/\/birds.nature4stock.com\/index.php?rest_route=\/wp\/v2\/pages\/1996","targetHints":{"allow":["GET"]}}],"collection":[{"href":"https:\/\/birds.nature4stock.com\/index.php?rest_route=\/wp\/v2\/pages"}],"about":[{"href":"https:\/\/birds.nature4stock.com\/index.php?rest_route=\/wp\/v2\/types\/page"}],"author":[{"embeddable":true,"href":"https:\/\/birds.nature4stock.com\/index.php?rest_route=\/wp\/v2\/users\/3"}],"replies":[{"embeddable":true,"href":"https:\/\/birds.nature4stock.com\/index.php?rest_route=%2Fwp%2Fv2%2Fcomments&post=1996"}],"version-history":[{"count":4,"href":"https:\/\/birds.nature4stock.com\/index.php?rest_route=\/wp\/v2\/pages\/1996\/revisions"}],"predecessor-version":[{"id":4247,"href":"https:\/\/birds.nature4stock.com\/index.php?rest_route=\/wp\/v2\/pages\/1996\/revisions\/4247"}],"up":[{"embeddable":true,"href":"https:\/\/birds.nature4stock.com\/index.php?rest_route=\/wp\/v2\/pages\/19"}],"wp:attachment":[{"href":"https:\/\/birds.nature4stock.com\/index.php?rest_route=%2Fwp%2Fv2%2Fmedia&parent=1996"}],"wp:term":[{"taxonomy":"category","embeddable":true,"href":"https:\/\/birds.nature4stock.com\/index.php?rest_route=%2Fwp%2Fv2%2Fcategories&post=1996"},{"taxonomy":"post_tag","embeddable":true,"href":"https:\/\/birds.nature4stock.com\/index.php?rest_route=%2Fwp%2Fv2%2Ftags&post=1996"}],"curies":[{"name":"wp","href":"https:\/\/api.w.org\/{rel}","templated":true}]}}