{"id":1968,"date":"2009-03-09T23:22:50","date_gmt":"2009-03-09T21:22:50","guid":{"rendered":"http:\/\/birds.nature4stock.com\/?page_id=1968"},"modified":"2022-03-10T19:01:41","modified_gmt":"2022-03-10T17:01:41","slug":"phylloscopus-sibilatrix","status":"publish","type":"page","link":"https:\/\/birds.nature4stock.com\/?page_id=1968","title":{"rendered":"<i>Phylloscopus sibilatrix<\/i>"},"content":{"rendered":"<p>RO: Pitulice sf\u00e2r\u00e2itoare<br \/>\nDE: Waldlaubs\u00e4nger<br \/>\nEN: Wood Warbler<\/p>\n<ul>\n<li>x<\/li>\n<li>x<\/li>\n<li>photo taken in Romania<\/li>\n<\/ul>\n<p><a href=\"http:\/\/birds.nature4stock.com\/wp-content\/uploads\/2022\/03\/IMG_5016_Phylloscopus_sibilatrix_s.jpg\"><img loading=\"lazy\" decoding=\"async\" class=\"alignnone size-thumbnail wp-image-4291\" src=\"http:\/\/birds.nature4stock.com\/wp-content\/uploads\/2022\/03\/IMG_5016_Phylloscopus_sibilatrix_s-150x150.jpg\" alt=\"\" width=\"150\" height=\"150\" \/><\/a> <a href=\"http:\/\/birds.nature4stock.com\/wp-content\/uploads\/2022\/03\/IMG_5015_Phylloscopus_sibilatrix_s.jpg\"><img loading=\"lazy\" decoding=\"async\" class=\"alignnone size-thumbnail wp-image-4290\" src=\"http:\/\/birds.nature4stock.com\/wp-content\/uploads\/2022\/03\/IMG_5015_Phylloscopus_sibilatrix_s-150x150.jpg\" alt=\"\" width=\"150\" height=\"150\" \/><\/a><\/p>\n<p>&nbsp;<\/p>\n<p><span style=\"color: #ffff00;\"><strong>Donations are welcome, will help me to add new content and to keep this online and free of commercials<\/strong><\/span><\/p>\n<div class=\"page-sidebar widget\" id=\"donation_buttons\"><form action=\"https:\/\/www.paypal.com\/cgi-bin\/webscr\" method=\"post\" target=\"_blank\" ><input type=\"hidden\" name=\"business\" value=\"cosminovidiu@yahoo.com\"><input type=\"hidden\" name=\"bn\" value=\"mbjtechnolabs_SP\"><input type=\"hidden\" name=\"cmd\" value=\"_donations\"><table ><tbody><tr><td><input style=\"margin-top:10px;\" type=\"image\" name=\"submit\" border=\"0\" src=\"https:\/\/www.paypalobjects.com\/webstatic\/en_US\/btn\/btn_donate_cc_147x47.png\" alt=\"PayPal - The safer, easier way to pay online\"><\/td><\/tr><\/tbody><\/table><input type=\"hidden\" name=\"currency_code\" value=\"USD\"><input type=\"hidden\" name=\"notify_url\" value=\"https:\/\/birds.nature4stock.com\/?Donation_Button&#038;action=ipn_handler\"><input type=\"hidden\" name=\"return\" value=\"https:\/\/birds.nature4stock.com\/?page_id=2\"><\/form><\/div>\n<p>&nbsp;<\/p>\n<p>&nbsp;<\/p>\n<p>&nbsp;<\/p>\n<!-- AddThis Advanced Settings generic via filter on the_content --><!-- AddThis Share Buttons generic via filter on the_content -->","protected":false},"excerpt":{"rendered":"<p>RO: Pitulice sf\u00e2r\u00e2itoare DE: Waldlaubs\u00e4nger EN: Wood Warbler x x photo taken in Romania &nbsp; Donations are welcome, will help me to add new content and to keep this online and free of commercials &nbsp; &nbsp; &nbsp;<!-- AddThis Advanced Settings generic via filter on get_the_excerpt --><!-- AddThis Share Buttons generic via filter on get_the_excerpt --><\/p>\n","protected":false},"author":3,"featured_media":0,"parent":19,"menu_order":0,"comment_status":"open","ping_status":"open","template":"","meta":{"footnotes":""},"categories":[1018,5],"tags":[1044,547,548,1045,549,550],"class_list":["post-1968","page","type-page","status-publish","hentry","category-cosmin-o-manci","category-romania","tag-phylloscopus","tag-phylloscopus-sibilatrix","tag-pitulice-sfaraitoare","tag-sibilatrix","tag-waldlaubsanger","tag-wood-warbler"],"_links":{"self":[{"href":"https:\/\/birds.nature4stock.com\/index.php?rest_route=\/wp\/v2\/pages\/1968","targetHints":{"allow":["GET"]}}],"collection":[{"href":"https:\/\/birds.nature4stock.com\/index.php?rest_route=\/wp\/v2\/pages"}],"about":[{"href":"https:\/\/birds.nature4stock.com\/index.php?rest_route=\/wp\/v2\/types\/page"}],"author":[{"embeddable":true,"href":"https:\/\/birds.nature4stock.com\/index.php?rest_route=\/wp\/v2\/users\/3"}],"replies":[{"embeddable":true,"href":"https:\/\/birds.nature4stock.com\/index.php?rest_route=%2Fwp%2Fv2%2Fcomments&post=1968"}],"version-history":[{"count":4,"href":"https:\/\/birds.nature4stock.com\/index.php?rest_route=\/wp\/v2\/pages\/1968\/revisions"}],"predecessor-version":[{"id":4292,"href":"https:\/\/birds.nature4stock.com\/index.php?rest_route=\/wp\/v2\/pages\/1968\/revisions\/4292"}],"up":[{"embeddable":true,"href":"https:\/\/birds.nature4stock.com\/index.php?rest_route=\/wp\/v2\/pages\/19"}],"wp:attachment":[{"href":"https:\/\/birds.nature4stock.com\/index.php?rest_route=%2Fwp%2Fv2%2Fmedia&parent=1968"}],"wp:term":[{"taxonomy":"category","embeddable":true,"href":"https:\/\/birds.nature4stock.com\/index.php?rest_route=%2Fwp%2Fv2%2Fcategories&post=1968"},{"taxonomy":"post_tag","embeddable":true,"href":"https:\/\/birds.nature4stock.com\/index.php?rest_route=%2Fwp%2Fv2%2Ftags&post=1968"}],"curies":[{"name":"wp","href":"https:\/\/api.w.org\/{rel}","templated":true}]}}