{"id":3881,"date":"2011-03-13T08:04:18","date_gmt":"2011-03-13T06:04:18","guid":{"rendered":"http:\/\/birds.nature4stock.com\/?page_id=3881"},"modified":"2011-03-18T00:20:00","modified_gmt":"2011-03-17T22:20:00","slug":"loxia-curvirostra","status":"publish","type":"page","link":"http:\/\/birds.nature4stock.com\/?page_id=3881","title":{"rendered":"<i>Loxia curvirostra<\/i>"},"content":{"rendered":"<p>RO: Forfecu\u0163\u0103<br \/>\nDE: Fichtenkreuzschnabel<br \/>\nEN: Crossbill<br \/>\nHU: Keresztcs\u00f5r\u00fb<\/p>\n<p>sound, embedded from\u00a0<a href=\"http:\/\/www.xeno-canto.org\/\" target=\"_blank\">xeno-canto<\/a><br \/>\n<iframe src=\"http:\/\/www.xeno-canto.org\/embed.php?XC=58621&simple=0\" scrolling=no frameborder=0 width=600 height=200><\/iframe><\/p>\n<p><a href=\"http:\/\/birds.nature4stock.com\/wp-content\/uploads\/2011\/03\/P7289201m.jpg\"><img loading=\"lazy\" decoding=\"async\" class=\"alignnone size-thumbnail wp-image-3882\" title=\"Crossbill (&lt;i&gt;Loxia curvirostra&lt;\/i&gt;) male (Photo:Cristian Mihai)\" src=\"http:\/\/birds.nature4stock.com\/wp-content\/uploads\/2011\/03\/P7289201m-150x150.jpg\" alt=\"\" width=\"150\" height=\"150\" \/><\/a><\/p>\n<!-- AddThis Advanced Settings generic via filter on the_content --><!-- AddThis Share Buttons generic via filter on the_content -->","protected":false},"excerpt":{"rendered":"<p>RO: Forfecu\u0163\u0103 DE: Fichtenkreuzschnabel EN: Crossbill HU: Keresztcs\u00f5r\u00fb sound, embedded from\u00a0xeno-canto<!-- AddThis Advanced Settings generic via filter on get_the_excerpt --><!-- AddThis Share Buttons generic via filter on get_the_excerpt --><\/p>\n","protected":false},"author":2,"featured_media":0,"parent":19,"menu_order":0,"comment_status":"open","ping_status":"open","template":"","meta":{"footnotes":""},"categories":[],"tags":[],"class_list":["post-3881","page","type-page","status-publish","hentry"],"_links":{"self":[{"href":"http:\/\/birds.nature4stock.com\/index.php?rest_route=\/wp\/v2\/pages\/3881","targetHints":{"allow":["GET"]}}],"collection":[{"href":"http:\/\/birds.nature4stock.com\/index.php?rest_route=\/wp\/v2\/pages"}],"about":[{"href":"http:\/\/birds.nature4stock.com\/index.php?rest_route=\/wp\/v2\/types\/page"}],"author":[{"embeddable":true,"href":"http:\/\/birds.nature4stock.com\/index.php?rest_route=\/wp\/v2\/users\/2"}],"replies":[{"embeddable":true,"href":"http:\/\/birds.nature4stock.com\/index.php?rest_route=%2Fwp%2Fv2%2Fcomments&post=3881"}],"version-history":[{"count":4,"href":"http:\/\/birds.nature4stock.com\/index.php?rest_route=\/wp\/v2\/pages\/3881\/revisions"}],"predecessor-version":[{"id":3969,"href":"http:\/\/birds.nature4stock.com\/index.php?rest_route=\/wp\/v2\/pages\/3881\/revisions\/3969"}],"up":[{"embeddable":true,"href":"http:\/\/birds.nature4stock.com\/index.php?rest_route=\/wp\/v2\/pages\/19"}],"wp:attachment":[{"href":"http:\/\/birds.nature4stock.com\/index.php?rest_route=%2Fwp%2Fv2%2Fmedia&parent=3881"}],"wp:term":[{"taxonomy":"category","embeddable":true,"href":"http:\/\/birds.nature4stock.com\/index.php?rest_route=%2Fwp%2Fv2%2Fcategories&post=3881"},{"taxonomy":"post_tag","embeddable":true,"href":"http:\/\/birds.nature4stock.com\/index.php?rest_route=%2Fwp%2Fv2%2Ftags&post=3881"}],"curies":[{"name":"wp","href":"https:\/\/api.w.org\/{rel}","templated":true}]}}