{"id":3705,"date":"2011-03-04T21:04:47","date_gmt":"2011-03-04T19:04:47","guid":{"rendered":"http:\/\/birds.nature4stock.com\/?page_id=3705"},"modified":"2011-03-04T21:04:47","modified_gmt":"2011-03-04T19:04:47","slug":"zonotrichia-albicollis","status":"publish","type":"page","link":"http:\/\/birds.nature4stock.com\/?page_id=3705","title":{"rendered":"<i>Zonotrichia albicollis<\/i>"},"content":{"rendered":"<p>DE: Wei\u00dfkehlammer<br \/>\nEN: White-throated Sparrow<br \/>\nHU: Feh\u00e9rtork\u00fa s\u00e1rm\u00e1npinty<\/p>\n\n\t\t<style type=\"text\/css\">\n\t\t\t#gallery-1 {\n\t\t\t\tmargin: auto;\n\t\t\t}\n\t\t\t#gallery-1 .gallery-item {\n\t\t\t\tfloat: left;\n\t\t\t\tmargin-top: 10px;\n\t\t\t\ttext-align: center;\n\t\t\t\twidth: 33%;\n\t\t\t}\n\t\t\t#gallery-1 img {\n\t\t\t\tborder: 2px solid #cfcfcf;\n\t\t\t}\n\t\t\t#gallery-1 .gallery-caption {\n\t\t\t\tmargin-left: 0;\n\t\t\t}\n\t\t\t\/* see gallery_shortcode() in wp-includes\/media.php *\/\n\t\t<\/style>\n\t\t<div id='gallery-1' class='gallery galleryid-3705 gallery-columns-3 gallery-size-thumbnail'><dl class='gallery-item'>\n\t\t\t<dt class='gallery-icon landscape'>\n\t\t\t\t<a href='http:\/\/birds.nature4stock.com\/wp-content\/uploads\/2011\/03\/104452034.IxUPjlTy.2c.jpg'><img loading=\"lazy\" decoding=\"async\" width=\"150\" height=\"150\" src=\"http:\/\/birds.nature4stock.com\/wp-content\/uploads\/2011\/03\/104452034.IxUPjlTy.2c-150x150.jpg\" class=\"attachment-thumbnail size-thumbnail\" alt=\"\" \/><\/a>\n\t\t\t<\/dt><\/dl><dl class='gallery-item'>\n\t\t\t<dt class='gallery-icon landscape'>\n\t\t\t\t<a href='http:\/\/birds.nature4stock.com\/wp-content\/uploads\/2011\/03\/111800549.3Obi9qLk.6xc.jpg'><img loading=\"lazy\" decoding=\"async\" width=\"150\" height=\"150\" src=\"http:\/\/birds.nature4stock.com\/wp-content\/uploads\/2011\/03\/111800549.3Obi9qLk.6xc-150x150.jpg\" class=\"attachment-thumbnail size-thumbnail\" alt=\"\" \/><\/a>\n\t\t\t<\/dt><\/dl>\n\t\t\t<br style='clear: both' \/>\n\t\t<\/div>\n\n<!-- AddThis Advanced Settings generic via filter on the_content --><!-- AddThis Share Buttons generic via filter on the_content -->","protected":false},"excerpt":{"rendered":"<p>DE: Wei\u00dfkehlammer EN: White-throated Sparrow HU: Feh\u00e9rtork\u00fa s\u00e1rm\u00e1npinty<!-- AddThis Advanced Settings generic via filter on get_the_excerpt --><!-- AddThis Share Buttons generic via filter on get_the_excerpt --><\/p>\n","protected":false},"author":2,"featured_media":0,"parent":22,"menu_order":0,"comment_status":"open","ping_status":"open","template":"","meta":{"footnotes":""},"categories":[],"tags":[],"class_list":["post-3705","page","type-page","status-publish","hentry"],"_links":{"self":[{"href":"http:\/\/birds.nature4stock.com\/index.php?rest_route=\/wp\/v2\/pages\/3705","targetHints":{"allow":["GET"]}}],"collection":[{"href":"http:\/\/birds.nature4stock.com\/index.php?rest_route=\/wp\/v2\/pages"}],"about":[{"href":"http:\/\/birds.nature4stock.com\/index.php?rest_route=\/wp\/v2\/types\/page"}],"author":[{"embeddable":true,"href":"http:\/\/birds.nature4stock.com\/index.php?rest_route=\/wp\/v2\/users\/2"}],"replies":[{"embeddable":true,"href":"http:\/\/birds.nature4stock.com\/index.php?rest_route=%2Fwp%2Fv2%2Fcomments&post=3705"}],"version-history":[{"count":2,"href":"http:\/\/birds.nature4stock.com\/index.php?rest_route=\/wp\/v2\/pages\/3705\/revisions"}],"predecessor-version":[{"id":3709,"href":"http:\/\/birds.nature4stock.com\/index.php?rest_route=\/wp\/v2\/pages\/3705\/revisions\/3709"}],"up":[{"embeddable":true,"href":"http:\/\/birds.nature4stock.com\/index.php?rest_route=\/wp\/v2\/pages\/22"}],"wp:attachment":[{"href":"http:\/\/birds.nature4stock.com\/index.php?rest_route=%2Fwp%2Fv2%2Fmedia&parent=3705"}],"wp:term":[{"taxonomy":"category","embeddable":true,"href":"http:\/\/birds.nature4stock.com\/index.php?rest_route=%2Fwp%2Fv2%2Fcategories&post=3705"},{"taxonomy":"post_tag","embeddable":true,"href":"http:\/\/birds.nature4stock.com\/index.php?rest_route=%2Fwp%2Fv2%2Ftags&post=3705"}],"curies":[{"name":"wp","href":"https:\/\/api.w.org\/{rel}","templated":true}]}}