{"id":3384,"date":"2011-02-22T05:47:24","date_gmt":"2011-02-22T03:47:24","guid":{"rendered":"http:\/\/birds.nature4stock.com\/?page_id=3384"},"modified":"2011-02-23T02:21:23","modified_gmt":"2011-02-23T00:21:23","slug":"lophodytes-cucullatus","status":"publish","type":"page","link":"http:\/\/birds.nature4stock.com\/?page_id=3384","title":{"rendered":"<i>Lophodytes cucullatus<\/i>"},"content":{"rendered":"<p>DE: Kappens\u00e4ger<br \/>\nEN: Hudded Merganser<br \/>\nHU: B\u00f3bit\u00e1s buk\u00f3 <\/p>\n<p><a href=\"http:\/\/birds.nature4stock.com\/wp-content\/uploads\/2011\/02\/129980540.Vt5tYTSn.jpg\"><img loading=\"lazy\" decoding=\"async\" class=\"alignnone size-thumbnail wp-image-3385\" title=\"Hudded Merganser (&lt;i&gt;Lophodytes cucullatus&lt;\/i&gt;) male (in North America) (Photo:Mircea Costina)\" src=\"http:\/\/birds.nature4stock.com\/wp-content\/uploads\/2011\/02\/129980540.Vt5tYTSn-150x150.jpg\" alt=\"\" width=\"150\" height=\"150\" \/><\/a><\/p>\n<!-- AddThis Advanced Settings generic via filter on the_content --><!-- AddThis Share Buttons generic via filter on the_content -->","protected":false},"excerpt":{"rendered":"<p>DE: Kappens\u00e4ger EN: Hudded Merganser HU: B\u00f3bit\u00e1s buk\u00f3<!-- AddThis Advanced Settings generic via filter on get_the_excerpt --><!-- AddThis Share Buttons generic via filter on get_the_excerpt --><\/p>\n","protected":false},"author":2,"featured_media":0,"parent":22,"menu_order":0,"comment_status":"open","ping_status":"open","template":"","meta":{"footnotes":""},"categories":[],"tags":[],"class_list":["post-3384","page","type-page","status-publish","hentry"],"_links":{"self":[{"href":"http:\/\/birds.nature4stock.com\/index.php?rest_route=\/wp\/v2\/pages\/3384","targetHints":{"allow":["GET"]}}],"collection":[{"href":"http:\/\/birds.nature4stock.com\/index.php?rest_route=\/wp\/v2\/pages"}],"about":[{"href":"http:\/\/birds.nature4stock.com\/index.php?rest_route=\/wp\/v2\/types\/page"}],"author":[{"embeddable":true,"href":"http:\/\/birds.nature4stock.com\/index.php?rest_route=\/wp\/v2\/users\/2"}],"replies":[{"embeddable":true,"href":"http:\/\/birds.nature4stock.com\/index.php?rest_route=%2Fwp%2Fv2%2Fcomments&post=3384"}],"version-history":[{"count":3,"href":"http:\/\/birds.nature4stock.com\/index.php?rest_route=\/wp\/v2\/pages\/3384\/revisions"}],"predecessor-version":[{"id":3387,"href":"http:\/\/birds.nature4stock.com\/index.php?rest_route=\/wp\/v2\/pages\/3384\/revisions\/3387"}],"up":[{"embeddable":true,"href":"http:\/\/birds.nature4stock.com\/index.php?rest_route=\/wp\/v2\/pages\/22"}],"wp:attachment":[{"href":"http:\/\/birds.nature4stock.com\/index.php?rest_route=%2Fwp%2Fv2%2Fmedia&parent=3384"}],"wp:term":[{"taxonomy":"category","embeddable":true,"href":"http:\/\/birds.nature4stock.com\/index.php?rest_route=%2Fwp%2Fv2%2Fcategories&post=3384"},{"taxonomy":"post_tag","embeddable":true,"href":"http:\/\/birds.nature4stock.com\/index.php?rest_route=%2Fwp%2Fv2%2Ftags&post=3384"}],"curies":[{"name":"wp","href":"https:\/\/api.w.org\/{rel}","templated":true}]}}