{"id":3332,"date":"2011-02-21T19:55:29","date_gmt":"2011-02-21T17:55:29","guid":{"rendered":"http:\/\/birds.nature4stock.com\/?page_id=3332"},"modified":"2011-03-22T23:29:08","modified_gmt":"2011-03-22T21:29:08","slug":"aegolius-funereus","status":"publish","type":"page","link":"http:\/\/birds.nature4stock.com\/?page_id=3332","title":{"rendered":"<i>Aegolius funereus<\/i>"},"content":{"rendered":"<p>RO: Minuni\u0163a<br \/>\nDE: Rauhfu\u00dfkauz<br \/>\nEN: Tengmalm&#8217;s Owl<br \/>\nHU: Gaty\u00e1skuvik<\/p>\n<p>sound, embedded from\u00a0<a href=\"http:\/\/www.xeno-canto.org\/\" target=\"_blank\">xeno-canto<\/a><br \/>\n<iframe src=\"http:\/\/www.xeno-canto.org\/embed.php?XC=26875&simple=0\" scrolling=no frameborder=0 width=600 height=200><\/iframe><\/p>\n\n\t\t<style type=\"text\/css\">\n\t\t\t#gallery-1 {\n\t\t\t\tmargin: auto;\n\t\t\t}\n\t\t\t#gallery-1 .gallery-item {\n\t\t\t\tfloat: left;\n\t\t\t\tmargin-top: 10px;\n\t\t\t\ttext-align: center;\n\t\t\t\twidth: 33%;\n\t\t\t}\n\t\t\t#gallery-1 img {\n\t\t\t\tborder: 2px solid #cfcfcf;\n\t\t\t}\n\t\t\t#gallery-1 .gallery-caption {\n\t\t\t\tmargin-left: 0;\n\t\t\t}\n\t\t\t\/* see gallery_shortcode() in wp-includes\/media.php *\/\n\t\t<\/style>\n\t\t<div id='gallery-1' class='gallery galleryid-3332 gallery-columns-3 gallery-size-thumbnail'><dl class='gallery-item'>\n\t\t\t<dt class='gallery-icon landscape'>\n\t\t\t\t<a href='http:\/\/birds.nature4stock.com\/wp-content\/uploads\/2011\/02\/131784582.jw942DZL.4cc.jpg'><img loading=\"lazy\" decoding=\"async\" width=\"150\" height=\"150\" src=\"http:\/\/birds.nature4stock.com\/wp-content\/uploads\/2011\/02\/131784582.jw942DZL.4cc-150x150.jpg\" class=\"attachment-thumbnail size-thumbnail\" alt=\"\" \/><\/a>\n\t\t\t<\/dt><\/dl><dl class='gallery-item'>\n\t\t\t<dt class='gallery-icon portrait'>\n\t\t\t\t<a href='http:\/\/birds.nature4stock.com\/wp-content\/uploads\/2011\/02\/131654699.f97OBISo.1c.jpg'><img loading=\"lazy\" decoding=\"async\" width=\"150\" height=\"150\" src=\"http:\/\/birds.nature4stock.com\/wp-content\/uploads\/2011\/02\/131654699.f97OBISo.1c-150x150.jpg\" class=\"attachment-thumbnail size-thumbnail\" alt=\"\" \/><\/a>\n\t\t\t<\/dt><\/dl>\n\t\t\t<br style='clear: both' \/>\n\t\t<\/div>\n\n<!-- AddThis Advanced Settings generic via filter on the_content --><!-- AddThis Share Buttons generic via filter on the_content -->","protected":false},"excerpt":{"rendered":"<p>RO: Minuni\u0163a DE: Rauhfu\u00dfkauz EN: Tengmalm&#8217;s Owl HU: Gaty\u00e1skuvik sound, embedded from\u00a0xeno-canto<!-- AddThis Advanced Settings generic via filter on get_the_excerpt --><!-- AddThis Share Buttons generic via filter on get_the_excerpt --><\/p>\n","protected":false},"author":2,"featured_media":0,"parent":19,"menu_order":0,"comment_status":"open","ping_status":"open","template":"","meta":{"footnotes":""},"categories":[],"tags":[],"class_list":["post-3332","page","type-page","status-publish","hentry"],"_links":{"self":[{"href":"http:\/\/birds.nature4stock.com\/index.php?rest_route=\/wp\/v2\/pages\/3332","targetHints":{"allow":["GET"]}}],"collection":[{"href":"http:\/\/birds.nature4stock.com\/index.php?rest_route=\/wp\/v2\/pages"}],"about":[{"href":"http:\/\/birds.nature4stock.com\/index.php?rest_route=\/wp\/v2\/types\/page"}],"author":[{"embeddable":true,"href":"http:\/\/birds.nature4stock.com\/index.php?rest_route=\/wp\/v2\/users\/2"}],"replies":[{"embeddable":true,"href":"http:\/\/birds.nature4stock.com\/index.php?rest_route=%2Fwp%2Fv2%2Fcomments&post=3332"}],"version-history":[{"count":3,"href":"http:\/\/birds.nature4stock.com\/index.php?rest_route=\/wp\/v2\/pages\/3332\/revisions"}],"predecessor-version":[{"id":4012,"href":"http:\/\/birds.nature4stock.com\/index.php?rest_route=\/wp\/v2\/pages\/3332\/revisions\/4012"}],"up":[{"embeddable":true,"href":"http:\/\/birds.nature4stock.com\/index.php?rest_route=\/wp\/v2\/pages\/19"}],"wp:attachment":[{"href":"http:\/\/birds.nature4stock.com\/index.php?rest_route=%2Fwp%2Fv2%2Fmedia&parent=3332"}],"wp:term":[{"taxonomy":"category","embeddable":true,"href":"http:\/\/birds.nature4stock.com\/index.php?rest_route=%2Fwp%2Fv2%2Fcategories&post=3332"},{"taxonomy":"post_tag","embeddable":true,"href":"http:\/\/birds.nature4stock.com\/index.php?rest_route=%2Fwp%2Fv2%2Ftags&post=3332"}],"curies":[{"name":"wp","href":"https:\/\/api.w.org\/{rel}","templated":true}]}}