{"id":2295,"date":"2009-03-16T00:07:20","date_gmt":"2009-03-15T22:07:20","guid":{"rendered":"http:\/\/birds.nature4stock.com\/?page_id=2295"},"modified":"2011-03-22T23:08:21","modified_gmt":"2011-03-22T21:08:21","slug":"acrocephalus-melanopogon","status":"publish","type":"page","link":"http:\/\/birds.nature4stock.com\/?page_id=2295","title":{"rendered":"<i>Acrocephalus melanopogon<\/i>"},"content":{"rendered":"<p>RO: Privighetoare de balt\u0103<br \/>\nDE: Mariskenrohrs\u00e4nger<br \/>\nEN: Moustached Warbler<br \/>\nHU: F\u00fclem\u00fclesitke<\/p>\n<p>sound, embedded from\u00a0<a href=\"http:\/\/www.xeno-canto.org\/\" target=\"_blank\">xeno-canto<\/a><br \/>\n<iframe src=\"http:\/\/www.xeno-canto.org\/embed.php?XC=31616&simple=0\" scrolling=no frameborder=0 width=600 height=200><\/iframe><\/p>\n<p><a href=\"http:\/\/birds.nature4stock.com\/wp-content\/uploads\/2009\/03\/acrmel.jpg\"><img loading=\"lazy\" decoding=\"async\" class=\"alignnone size-thumbnail wp-image-2296\" title=\"Moustached Warbler (&lt;i&gt;Acrocephalus melanopogon&lt;\/i&gt;) (Photo: Dan Bandacu)\" src=\"http:\/\/birds.nature4stock.com\/wp-content\/uploads\/2009\/03\/acrmel-150x150.jpg\" alt=\"Moustached Warbler (&lt;i&gt;Acrocephalus melanopogon&lt;\/i&gt;) (Photo: Dan Bandacu)\" width=\"150\" height=\"150\" \/><\/a><\/p>\n<!-- AddThis Advanced Settings generic via filter on the_content --><!-- AddThis Share Buttons generic via filter on the_content -->","protected":false},"excerpt":{"rendered":"<p>RO: Privighetoare de balt\u0103 DE: Mariskenrohrs\u00e4nger EN: Moustached Warbler HU: F\u00fclem\u00fclesitke sound, embedded from\u00a0xeno-canto<!-- AddThis Advanced Settings generic via filter on get_the_excerpt --><!-- AddThis Share Buttons generic via filter on get_the_excerpt --><\/p>\n","protected":false},"author":3,"featured_media":0,"parent":19,"menu_order":0,"comment_status":"open","ping_status":"open","template":"","meta":{"footnotes":""},"categories":[1],"tags":[727,729,730,728],"class_list":["post-2295","page","type-page","status-publish","hentry","category-uncategorized","tag-acrocephalus-melanopogon","tag-mariskenrohrsanger","tag-moustached-warbler","tag-privighetoare-de-balta"],"_links":{"self":[{"href":"http:\/\/birds.nature4stock.com\/index.php?rest_route=\/wp\/v2\/pages\/2295","targetHints":{"allow":["GET"]}}],"collection":[{"href":"http:\/\/birds.nature4stock.com\/index.php?rest_route=\/wp\/v2\/pages"}],"about":[{"href":"http:\/\/birds.nature4stock.com\/index.php?rest_route=\/wp\/v2\/types\/page"}],"author":[{"embeddable":true,"href":"http:\/\/birds.nature4stock.com\/index.php?rest_route=\/wp\/v2\/users\/3"}],"replies":[{"embeddable":true,"href":"http:\/\/birds.nature4stock.com\/index.php?rest_route=%2Fwp%2Fv2%2Fcomments&post=2295"}],"version-history":[{"count":3,"href":"http:\/\/birds.nature4stock.com\/index.php?rest_route=\/wp\/v2\/pages\/2295\/revisions"}],"predecessor-version":[{"id":4005,"href":"http:\/\/birds.nature4stock.com\/index.php?rest_route=\/wp\/v2\/pages\/2295\/revisions\/4005"}],"up":[{"embeddable":true,"href":"http:\/\/birds.nature4stock.com\/index.php?rest_route=\/wp\/v2\/pages\/19"}],"wp:attachment":[{"href":"http:\/\/birds.nature4stock.com\/index.php?rest_route=%2Fwp%2Fv2%2Fmedia&parent=2295"}],"wp:term":[{"taxonomy":"category","embeddable":true,"href":"http:\/\/birds.nature4stock.com\/index.php?rest_route=%2Fwp%2Fv2%2Fcategories&post=2295"},{"taxonomy":"post_tag","embeddable":true,"href":"http:\/\/birds.nature4stock.com\/index.php?rest_route=%2Fwp%2Fv2%2Ftags&post=2295"}],"curies":[{"name":"wp","href":"https:\/\/api.w.org\/{rel}","templated":true}]}}