{"id":2198,"date":"2009-03-14T08:16:02","date_gmt":"2009-03-14T06:16:02","guid":{"rendered":"http:\/\/birds.nature4stock.com\/?page_id=2198"},"modified":"2011-04-23T21:42:47","modified_gmt":"2011-04-23T19:42:47","slug":"anas-querquedula","status":"publish","type":"page","link":"http:\/\/birds.nature4stock.com\/?page_id=2198","title":{"rendered":"<i>Anas querquedula<\/i>"},"content":{"rendered":"<p>RO: Ra\u0163a c\u00e2r\u00e2itoare<br \/>\nDE: Kn\u00e4kente<br \/>\nEN: Garganey<br \/>\nHU: B\u00f6jti r\u00e9ce<\/p>\n\n\t\t<style type=\"text\/css\">\n\t\t\t#gallery-1 {\n\t\t\t\tmargin: auto;\n\t\t\t}\n\t\t\t#gallery-1 .gallery-item {\n\t\t\t\tfloat: left;\n\t\t\t\tmargin-top: 10px;\n\t\t\t\ttext-align: center;\n\t\t\t\twidth: 33%;\n\t\t\t}\n\t\t\t#gallery-1 img {\n\t\t\t\tborder: 2px solid #cfcfcf;\n\t\t\t}\n\t\t\t#gallery-1 .gallery-caption {\n\t\t\t\tmargin-left: 0;\n\t\t\t}\n\t\t\t\/* see gallery_shortcode() in wp-includes\/media.php *\/\n\t\t<\/style>\n\t\t<div id='gallery-1' class='gallery galleryid-2198 gallery-columns-3 gallery-size-thumbnail'><dl class='gallery-item'>\n\t\t\t<dt class='gallery-icon landscape'>\n\t\t\t\t<a href='http:\/\/birds.nature4stock.com\/wp-content\/uploads\/2009\/03\/anaque.jpg'><img loading=\"lazy\" decoding=\"async\" width=\"150\" height=\"150\" src=\"http:\/\/birds.nature4stock.com\/wp-content\/uploads\/2009\/03\/anaque-150x150.jpg\" class=\"attachment-thumbnail size-thumbnail\" alt=\"\" \/><\/a>\n\t\t\t<\/dt><\/dl><dl class='gallery-item'>\n\t\t\t<dt class='gallery-icon landscape'>\n\t\t\t\t<a href='http:\/\/birds.nature4stock.com\/wp-content\/uploads\/2009\/03\/anaque1.jpg'><img loading=\"lazy\" decoding=\"async\" width=\"150\" height=\"150\" src=\"http:\/\/birds.nature4stock.com\/wp-content\/uploads\/2009\/03\/anaque1-150x150.jpg\" class=\"attachment-thumbnail size-thumbnail\" alt=\"\" \/><\/a>\n\t\t\t<\/dt><\/dl><dl class='gallery-item'>\n\t\t\t<dt class='gallery-icon landscape'>\n\t\t\t\t<a href='http:\/\/birds.nature4stock.com\/wp-content\/uploads\/2009\/03\/ana-que3803.jpg'><img loading=\"lazy\" decoding=\"async\" width=\"150\" height=\"150\" src=\"http:\/\/birds.nature4stock.com\/wp-content\/uploads\/2009\/03\/ana-que3803-150x150.jpg\" class=\"attachment-thumbnail size-thumbnail\" alt=\"\" \/><\/a>\n\t\t\t<\/dt><\/dl><br style=\"clear: both\" \/><dl class='gallery-item'>\n\t\t\t<dt class='gallery-icon landscape'>\n\t\t\t\t<a href='http:\/\/birds.nature4stock.com\/wp-content\/uploads\/2009\/03\/ana-que3623.jpg'><img loading=\"lazy\" decoding=\"async\" width=\"150\" height=\"150\" src=\"http:\/\/birds.nature4stock.com\/wp-content\/uploads\/2009\/03\/ana-que3623-150x150.jpg\" class=\"attachment-thumbnail size-thumbnail\" alt=\"\" \/><\/a>\n\t\t\t<\/dt><\/dl><dl class='gallery-item'>\n\t\t\t<dt class='gallery-icon landscape'>\n\t\t\t\t<a href='http:\/\/birds.nature4stock.com\/wp-content\/uploads\/2009\/03\/ana-que3794.jpg'><img loading=\"lazy\" decoding=\"async\" width=\"150\" height=\"150\" src=\"http:\/\/birds.nature4stock.com\/wp-content\/uploads\/2009\/03\/ana-que3794-150x150.jpg\" class=\"attachment-thumbnail size-thumbnail\" alt=\"\" \/><\/a>\n\t\t\t<\/dt><\/dl><dl class='gallery-item'>\n\t\t\t<dt class='gallery-icon landscape'>\n\t\t\t\t<a href='http:\/\/birds.nature4stock.com\/wp-content\/uploads\/2009\/03\/IMG_38951.jpg'><img loading=\"lazy\" decoding=\"async\" width=\"150\" height=\"150\" src=\"http:\/\/birds.nature4stock.com\/wp-content\/uploads\/2009\/03\/IMG_38951-150x150.jpg\" class=\"attachment-thumbnail size-thumbnail\" alt=\"\" \/><\/a>\n\t\t\t<\/dt><\/dl><br style=\"clear: both\" \/>\n\t\t<\/div>\n\n<!-- AddThis Advanced Settings generic via filter on the_content --><!-- AddThis Share Buttons generic via filter on the_content -->","protected":false},"excerpt":{"rendered":"<p>RO: Ra\u0163a c\u00e2r\u00e2itoare DE: Kn\u00e4kente EN: Garganey HU: B\u00f6jti r\u00e9ce<!-- AddThis Advanced Settings generic via filter on get_the_excerpt --><!-- AddThis Share Buttons generic via filter on get_the_excerpt --><\/p>\n","protected":false},"author":3,"featured_media":0,"parent":19,"menu_order":0,"comment_status":"open","ping_status":"open","template":"","meta":{"footnotes":""},"categories":[1],"tags":[98,676,675,674],"class_list":["post-2198","page","type-page","status-publish","hentry","category-uncategorized","tag-anas-querquedula","tag-garganey","tag-knakente","tag-rata-caraitoare"],"_links":{"self":[{"href":"http:\/\/birds.nature4stock.com\/index.php?rest_route=\/wp\/v2\/pages\/2198","targetHints":{"allow":["GET"]}}],"collection":[{"href":"http:\/\/birds.nature4stock.com\/index.php?rest_route=\/wp\/v2\/pages"}],"about":[{"href":"http:\/\/birds.nature4stock.com\/index.php?rest_route=\/wp\/v2\/types\/page"}],"author":[{"embeddable":true,"href":"http:\/\/birds.nature4stock.com\/index.php?rest_route=\/wp\/v2\/users\/3"}],"replies":[{"embeddable":true,"href":"http:\/\/birds.nature4stock.com\/index.php?rest_route=%2Fwp%2Fv2%2Fcomments&post=2198"}],"version-history":[{"count":6,"href":"http:\/\/birds.nature4stock.com\/index.php?rest_route=\/wp\/v2\/pages\/2198\/revisions"}],"predecessor-version":[{"id":4031,"href":"http:\/\/birds.nature4stock.com\/index.php?rest_route=\/wp\/v2\/pages\/2198\/revisions\/4031"}],"up":[{"embeddable":true,"href":"http:\/\/birds.nature4stock.com\/index.php?rest_route=\/wp\/v2\/pages\/19"}],"wp:attachment":[{"href":"http:\/\/birds.nature4stock.com\/index.php?rest_route=%2Fwp%2Fv2%2Fmedia&parent=2198"}],"wp:term":[{"taxonomy":"category","embeddable":true,"href":"http:\/\/birds.nature4stock.com\/index.php?rest_route=%2Fwp%2Fv2%2Fcategories&post=2198"},{"taxonomy":"post_tag","embeddable":true,"href":"http:\/\/birds.nature4stock.com\/index.php?rest_route=%2Fwp%2Fv2%2Ftags&post=2198"}],"curies":[{"name":"wp","href":"https:\/\/api.w.org\/{rel}","templated":true}]}}