{"id":1950,"date":"2009-03-09T21:00:42","date_gmt":"2009-03-09T19:00:42","guid":{"rendered":"http:\/\/birds.nature4stock.com\/?page_id=1950"},"modified":"2011-03-22T23:11:14","modified_gmt":"2011-03-22T21:11:14","slug":"acrocephalus-schoenobaenus","status":"publish","type":"page","link":"http:\/\/birds.nature4stock.com\/?page_id=1950","title":{"rendered":"<i>Acrocephalus schoenobaenus<\/i>"},"content":{"rendered":"<p>RO: L\u0103car mic<br \/>\nDE: Schilfrohrs\u00e4nger<br \/>\nEN: Sedge Warbler<br \/>\nHU: Foltos n\u00e1diposz\u00e1ta<\/p>\n<p>sound, embedded from\u00a0<a href=\"http:\/\/www.xeno-canto.org\/\" target=\"_blank\">xeno-canto<\/a><br \/>\n<iframe src=\"http:\/\/www.xeno-canto.org\/embed.php?XC=33249&simple=0\" scrolling=no frameborder=0 width=600 height=200><\/iframe><\/p>\n\n\t\t<style type=\"text\/css\">\n\t\t\t#gallery-1 {\n\t\t\t\tmargin: auto;\n\t\t\t}\n\t\t\t#gallery-1 .gallery-item {\n\t\t\t\tfloat: left;\n\t\t\t\tmargin-top: 10px;\n\t\t\t\ttext-align: center;\n\t\t\t\twidth: 33%;\n\t\t\t}\n\t\t\t#gallery-1 img {\n\t\t\t\tborder: 2px solid #cfcfcf;\n\t\t\t}\n\t\t\t#gallery-1 .gallery-caption {\n\t\t\t\tmargin-left: 0;\n\t\t\t}\n\t\t\t\/* see gallery_shortcode() in wp-includes\/media.php *\/\n\t\t<\/style>\n\t\t<div id='gallery-1' class='gallery galleryid-1950 gallery-columns-3 gallery-size-thumbnail'><dl class='gallery-item'>\n\t\t\t<dt class='gallery-icon landscape'>\n\t\t\t\t<a href='http:\/\/birds.nature4stock.com\/wp-content\/uploads\/2009\/03\/acrsch-picture-1878.jpg'><img loading=\"lazy\" decoding=\"async\" width=\"150\" height=\"150\" src=\"http:\/\/birds.nature4stock.com\/wp-content\/uploads\/2009\/03\/acrsch-picture-1878-150x150.jpg\" class=\"attachment-thumbnail size-thumbnail\" alt=\"\" \/><\/a>\n\t\t\t<\/dt><\/dl><dl class='gallery-item'>\n\t\t\t<dt class='gallery-icon portrait'>\n\t\t\t\t<a href='http:\/\/birds.nature4stock.com\/wp-content\/uploads\/2009\/03\/acrsch-picture-1882.jpg'><img loading=\"lazy\" decoding=\"async\" width=\"150\" height=\"150\" src=\"http:\/\/birds.nature4stock.com\/wp-content\/uploads\/2009\/03\/acrsch-picture-1882-150x150.jpg\" class=\"attachment-thumbnail size-thumbnail\" alt=\"\" \/><\/a>\n\t\t\t<\/dt><\/dl><dl class='gallery-item'>\n\t\t\t<dt class='gallery-icon landscape'>\n\t\t\t\t<a href='http:\/\/birds.nature4stock.com\/wp-content\/uploads\/2009\/03\/P9150748m.jpg'><img loading=\"lazy\" decoding=\"async\" width=\"150\" height=\"150\" src=\"http:\/\/birds.nature4stock.com\/wp-content\/uploads\/2009\/03\/P9150748m-150x150.jpg\" class=\"attachment-thumbnail size-thumbnail\" alt=\"\" \/><\/a>\n\t\t\t<\/dt><\/dl><br style=\"clear: both\" \/><dl class='gallery-item'>\n\t\t\t<dt class='gallery-icon landscape'>\n\t\t\t\t<a href='http:\/\/birds.nature4stock.com\/wp-content\/uploads\/2009\/03\/P5145795mm.jpg'><img loading=\"lazy\" decoding=\"async\" width=\"150\" height=\"150\" src=\"http:\/\/birds.nature4stock.com\/wp-content\/uploads\/2009\/03\/P5145795mm-150x150.jpg\" class=\"attachment-thumbnail size-thumbnail\" alt=\"\" \/><\/a>\n\t\t\t<\/dt><\/dl><dl class='gallery-item'>\n\t\t\t<dt class='gallery-icon landscape'>\n\t\t\t\t<a href='http:\/\/birds.nature4stock.com\/wp-content\/uploads\/2009\/03\/P5207256m.jpg'><img loading=\"lazy\" decoding=\"async\" width=\"150\" height=\"150\" src=\"http:\/\/birds.nature4stock.com\/wp-content\/uploads\/2009\/03\/P5207256m-150x150.jpg\" class=\"attachment-thumbnail size-thumbnail\" alt=\"\" \/><\/a>\n\t\t\t<\/dt><\/dl><dl class='gallery-item'>\n\t\t\t<dt class='gallery-icon landscape'>\n\t\t\t\t<a href='http:\/\/birds.nature4stock.com\/wp-content\/uploads\/2009\/03\/P7055226m.jpg'><img loading=\"lazy\" decoding=\"async\" width=\"150\" height=\"150\" src=\"http:\/\/birds.nature4stock.com\/wp-content\/uploads\/2009\/03\/P7055226m-150x150.jpg\" class=\"attachment-thumbnail size-thumbnail\" alt=\"\" \/><\/a>\n\t\t\t<\/dt><\/dl><br style=\"clear: both\" \/>\n\t\t<\/div>\n\n<!-- AddThis Advanced Settings generic via filter on the_content --><!-- AddThis Share Buttons generic via filter on the_content -->","protected":false},"excerpt":{"rendered":"<p>RO: L\u0103car mic DE: Schilfrohrs\u00e4nger EN: Sedge Warbler HU: Foltos n\u00e1diposz\u00e1ta sound, embedded from\u00a0xeno-canto<!-- AddThis Advanced Settings generic via filter on get_the_excerpt --><!-- AddThis Share Buttons generic via filter on get_the_excerpt --><\/p>\n","protected":false},"author":3,"featured_media":0,"parent":19,"menu_order":0,"comment_status":"open","ping_status":"open","template":"","meta":{"footnotes":""},"categories":[1],"tags":[535,536,537,538],"class_list":["post-1950","page","type-page","status-publish","hentry","category-uncategorized","tag-acrocephalus-schoenobaenus","tag-lacar-mic","tag-schilfrohrsanger","tag-sedge-warbler"],"_links":{"self":[{"href":"http:\/\/birds.nature4stock.com\/index.php?rest_route=\/wp\/v2\/pages\/1950","targetHints":{"allow":["GET"]}}],"collection":[{"href":"http:\/\/birds.nature4stock.com\/index.php?rest_route=\/wp\/v2\/pages"}],"about":[{"href":"http:\/\/birds.nature4stock.com\/index.php?rest_route=\/wp\/v2\/types\/page"}],"author":[{"embeddable":true,"href":"http:\/\/birds.nature4stock.com\/index.php?rest_route=\/wp\/v2\/users\/3"}],"replies":[{"embeddable":true,"href":"http:\/\/birds.nature4stock.com\/index.php?rest_route=%2Fwp%2Fv2%2Fcomments&post=1950"}],"version-history":[{"count":5,"href":"http:\/\/birds.nature4stock.com\/index.php?rest_route=\/wp\/v2\/pages\/1950\/revisions"}],"predecessor-version":[{"id":4006,"href":"http:\/\/birds.nature4stock.com\/index.php?rest_route=\/wp\/v2\/pages\/1950\/revisions\/4006"}],"up":[{"embeddable":true,"href":"http:\/\/birds.nature4stock.com\/index.php?rest_route=\/wp\/v2\/pages\/19"}],"wp:attachment":[{"href":"http:\/\/birds.nature4stock.com\/index.php?rest_route=%2Fwp%2Fv2%2Fmedia&parent=1950"}],"wp:term":[{"taxonomy":"category","embeddable":true,"href":"http:\/\/birds.nature4stock.com\/index.php?rest_route=%2Fwp%2Fv2%2Fcategories&post=1950"},{"taxonomy":"post_tag","embeddable":true,"href":"http:\/\/birds.nature4stock.com\/index.php?rest_route=%2Fwp%2Fv2%2Ftags&post=1950"}],"curies":[{"name":"wp","href":"https:\/\/api.w.org\/{rel}","templated":true}]}}