{"id":1731,"date":"2009-03-09T13:23:23","date_gmt":"2009-03-09T11:23:23","guid":{"rendered":"http:\/\/birds.nature4stock.com\/?page_id=1731"},"modified":"2009-06-01T21:22:46","modified_gmt":"2009-06-01T19:22:46","slug":"parus-cristatus","status":"publish","type":"page","link":"http:\/\/birds.nature4stock.com\/?page_id=1731","title":{"rendered":"<i>Lophophanes cristatus<\/i>"},"content":{"rendered":"<p>RO: Pi\u0163igoi mo\u0163at<br \/>\nDE: Haubenmeise<br \/>\nEN: Crested Tit<br \/>\nHU: B\u00fabos cinege<\/p>\n<p><a href=\"http:\/\/birds.nature4stock.com\/wp-content\/uploads\/2009\/03\/parus-cristatus.jpg\"><img loading=\"lazy\" decoding=\"async\" class=\"alignnone size-thumbnail wp-image-1732\" title=\"Crested Tit (&lt;i&gt;Parus cristatus&lt;\/i&gt;) (Photo: Luca Andrei Dehelean)\" src=\"http:\/\/birds.nature4stock.com\/wp-content\/uploads\/2009\/03\/parus-cristatus-150x150.jpg\" alt=\"Crested Tit (&lt;i&gt;Parus cristatus&lt;\/i&gt;) (Photo: Luca Andrei Dehelean)\" width=\"150\" height=\"150\" \/><\/a><\/p>\n<!-- AddThis Advanced Settings generic via filter on the_content --><!-- AddThis Share Buttons generic via filter on the_content -->","protected":false},"excerpt":{"rendered":"<p>RO: Pi\u0163igoi mo\u0163at DE: Haubenmeise EN: Crested Tit HU: B\u00fabos cinege<!-- AddThis Advanced Settings generic via filter on get_the_excerpt --><!-- AddThis Share Buttons generic via filter on get_the_excerpt --><\/p>\n","protected":false},"author":3,"featured_media":0,"parent":19,"menu_order":0,"comment_status":"open","ping_status":"open","template":"","meta":{"footnotes":""},"categories":[1],"tags":[416,415,867,413,414],"class_list":["post-1731","page","type-page","status-publish","hentry","category-uncategorized","tag-crested-tit","tag-haubenmeise","tag-lophophanes","tag-parus-cristatus","tag-pitigoi-motat"],"_links":{"self":[{"href":"http:\/\/birds.nature4stock.com\/index.php?rest_route=\/wp\/v2\/pages\/1731","targetHints":{"allow":["GET"]}}],"collection":[{"href":"http:\/\/birds.nature4stock.com\/index.php?rest_route=\/wp\/v2\/pages"}],"about":[{"href":"http:\/\/birds.nature4stock.com\/index.php?rest_route=\/wp\/v2\/types\/page"}],"author":[{"embeddable":true,"href":"http:\/\/birds.nature4stock.com\/index.php?rest_route=\/wp\/v2\/users\/3"}],"replies":[{"embeddable":true,"href":"http:\/\/birds.nature4stock.com\/index.php?rest_route=%2Fwp%2Fv2%2Fcomments&post=1731"}],"version-history":[{"count":3,"href":"http:\/\/birds.nature4stock.com\/index.php?rest_route=\/wp\/v2\/pages\/1731\/revisions"}],"predecessor-version":[{"id":2697,"href":"http:\/\/birds.nature4stock.com\/index.php?rest_route=\/wp\/v2\/pages\/1731\/revisions\/2697"}],"up":[{"embeddable":true,"href":"http:\/\/birds.nature4stock.com\/index.php?rest_route=\/wp\/v2\/pages\/19"}],"wp:attachment":[{"href":"http:\/\/birds.nature4stock.com\/index.php?rest_route=%2Fwp%2Fv2%2Fmedia&parent=1731"}],"wp:term":[{"taxonomy":"category","embeddable":true,"href":"http:\/\/birds.nature4stock.com\/index.php?rest_route=%2Fwp%2Fv2%2Fcategories&post=1731"},{"taxonomy":"post_tag","embeddable":true,"href":"http:\/\/birds.nature4stock.com\/index.php?rest_route=%2Fwp%2Fv2%2Ftags&post=1731"}],"curies":[{"name":"wp","href":"https:\/\/api.w.org\/{rel}","templated":true}]}}