{"id":1408,"date":"2009-03-06T23:36:39","date_gmt":"2009-03-06T21:36:39","guid":{"rendered":"http:\/\/birds.nature4stock.com\/?page_id=1408"},"modified":"2011-10-02T18:23:55","modified_gmt":"2011-10-02T16:23:55","slug":"anas-strepera","status":"publish","type":"page","link":"http:\/\/birds.nature4stock.com\/?page_id=1408","title":{"rendered":"<i>Anas strepera<\/i>"},"content":{"rendered":"<p>RO: Ra\u0163a pestri\u0163\u0103<br \/>\nDE: Schnatterente<br \/>\nEN: Gadwal<br \/>\nHU: Kendermagos r\u00e9ce<\/p>\n\n\t\t<style type=\"text\/css\">\n\t\t\t#gallery-1 {\n\t\t\t\tmargin: auto;\n\t\t\t}\n\t\t\t#gallery-1 .gallery-item {\n\t\t\t\tfloat: left;\n\t\t\t\tmargin-top: 10px;\n\t\t\t\ttext-align: center;\n\t\t\t\twidth: 33%;\n\t\t\t}\n\t\t\t#gallery-1 img {\n\t\t\t\tborder: 2px solid #cfcfcf;\n\t\t\t}\n\t\t\t#gallery-1 .gallery-caption {\n\t\t\t\tmargin-left: 0;\n\t\t\t}\n\t\t\t\/* see gallery_shortcode() in wp-includes\/media.php *\/\n\t\t<\/style>\n\t\t<div id='gallery-1' class='gallery galleryid-1408 gallery-columns-3 gallery-size-thumbnail'><dl class='gallery-item'>\n\t\t\t<dt class='gallery-icon landscape'>\n\t\t\t\t<a href='http:\/\/birds.nature4stock.com\/wp-content\/uploads\/2009\/03\/anas-strepera.jpg'><img loading=\"lazy\" decoding=\"async\" width=\"150\" height=\"150\" src=\"http:\/\/birds.nature4stock.com\/wp-content\/uploads\/2009\/03\/anas-strepera-150x150.jpg\" class=\"attachment-thumbnail size-thumbnail\" alt=\"\" \/><\/a>\n\t\t\t<\/dt><\/dl><dl class='gallery-item'>\n\t\t\t<dt class='gallery-icon landscape'>\n\t\t\t\t<a href='http:\/\/birds.nature4stock.com\/wp-content\/uploads\/2009\/03\/ana-str4231.jpg'><img loading=\"lazy\" decoding=\"async\" width=\"150\" height=\"150\" src=\"http:\/\/birds.nature4stock.com\/wp-content\/uploads\/2009\/03\/ana-str4231-150x150.jpg\" class=\"attachment-thumbnail size-thumbnail\" alt=\"\" \/><\/a>\n\t\t\t<\/dt><\/dl><dl class='gallery-item'>\n\t\t\t<dt class='gallery-icon landscape'>\n\t\t\t\t<a href='http:\/\/birds.nature4stock.com\/wp-content\/uploads\/2009\/03\/Ana-str0342.jpg'><img loading=\"lazy\" decoding=\"async\" width=\"150\" height=\"150\" src=\"http:\/\/birds.nature4stock.com\/wp-content\/uploads\/2009\/03\/Ana-str0342-150x150.jpg\" class=\"attachment-thumbnail size-thumbnail\" alt=\"\" \/><\/a>\n\t\t\t<\/dt><\/dl><br style=\"clear: both\" \/><dl class='gallery-item'>\n\t\t\t<dt class='gallery-icon landscape'>\n\t\t\t\t<a href='http:\/\/birds.nature4stock.com\/wp-content\/uploads\/2009\/03\/P2200301m.jpg'><img loading=\"lazy\" decoding=\"async\" width=\"150\" height=\"150\" src=\"http:\/\/birds.nature4stock.com\/wp-content\/uploads\/2009\/03\/P2200301m-150x150.jpg\" class=\"attachment-thumbnail size-thumbnail\" alt=\"\" \/><\/a>\n\t\t\t<\/dt><\/dl><dl class='gallery-item'>\n\t\t\t<dt class='gallery-icon landscape'>\n\t\t\t\t<a href='http:\/\/birds.nature4stock.com\/wp-content\/uploads\/2009\/03\/Ana-str3696.jpg'><img loading=\"lazy\" decoding=\"async\" width=\"150\" height=\"150\" src=\"http:\/\/birds.nature4stock.com\/wp-content\/uploads\/2009\/03\/Ana-str3696-150x150.jpg\" class=\"attachment-thumbnail size-thumbnail\" alt=\"\" \/><\/a>\n\t\t\t<\/dt><\/dl><dl class='gallery-item'>\n\t\t\t<dt class='gallery-icon landscape'>\n\t\t\t\t<a href='http:\/\/birds.nature4stock.com\/wp-content\/uploads\/2009\/03\/Ana-str5045.jpg'><img loading=\"lazy\" decoding=\"async\" width=\"150\" height=\"150\" src=\"http:\/\/birds.nature4stock.com\/wp-content\/uploads\/2009\/03\/Ana-str5045-150x150.jpg\" class=\"attachment-thumbnail size-thumbnail\" alt=\"\" \/><\/a>\n\t\t\t<\/dt><\/dl><br style=\"clear: both\" \/>\n\t\t<\/div>\n\n<!-- AddThis Advanced Settings generic via filter on the_content --><!-- AddThis Share Buttons generic via filter on the_content -->","protected":false},"excerpt":{"rendered":"<p>RO: Ra\u0163a pestri\u0163\u0103 DE: Schnatterente EN: Gadwal HU: Kendermagos r\u00e9ce<!-- AddThis Advanced Settings generic via filter on get_the_excerpt --><!-- AddThis Share Buttons generic via filter on get_the_excerpt --><\/p>\n","protected":false},"author":3,"featured_media":0,"parent":19,"menu_order":0,"comment_status":"open","ping_status":"open","template":"","meta":{"footnotes":""},"categories":[1],"tags":[94,259,257,258],"class_list":["post-1408","page","type-page","status-publish","hentry","category-uncategorized","tag-anas-strepera","tag-gadwall","tag-rata-pestrita","tag-schnatterente"],"_links":{"self":[{"href":"http:\/\/birds.nature4stock.com\/index.php?rest_route=\/wp\/v2\/pages\/1408","targetHints":{"allow":["GET"]}}],"collection":[{"href":"http:\/\/birds.nature4stock.com\/index.php?rest_route=\/wp\/v2\/pages"}],"about":[{"href":"http:\/\/birds.nature4stock.com\/index.php?rest_route=\/wp\/v2\/types\/page"}],"author":[{"embeddable":true,"href":"http:\/\/birds.nature4stock.com\/index.php?rest_route=\/wp\/v2\/users\/3"}],"replies":[{"embeddable":true,"href":"http:\/\/birds.nature4stock.com\/index.php?rest_route=%2Fwp%2Fv2%2Fcomments&post=1408"}],"version-history":[{"count":9,"href":"http:\/\/birds.nature4stock.com\/index.php?rest_route=\/wp\/v2\/pages\/1408\/revisions"}],"predecessor-version":[{"id":3230,"href":"http:\/\/birds.nature4stock.com\/index.php?rest_route=\/wp\/v2\/pages\/1408\/revisions\/3230"}],"up":[{"embeddable":true,"href":"http:\/\/birds.nature4stock.com\/index.php?rest_route=\/wp\/v2\/pages\/19"}],"wp:attachment":[{"href":"http:\/\/birds.nature4stock.com\/index.php?rest_route=%2Fwp%2Fv2%2Fmedia&parent=1408"}],"wp:term":[{"taxonomy":"category","embeddable":true,"href":"http:\/\/birds.nature4stock.com\/index.php?rest_route=%2Fwp%2Fv2%2Fcategories&post=1408"},{"taxonomy":"post_tag","embeddable":true,"href":"http:\/\/birds.nature4stock.com\/index.php?rest_route=%2Fwp%2Fv2%2Ftags&post=1408"}],"curies":[{"name":"wp","href":"https:\/\/api.w.org\/{rel}","templated":true}]}}